{"id":16963,"date":"2016-02-07T15:23:38","date_gmt":"2016-02-07T14:23:38","guid":{"rendered":"http:\/\/www.nusaderenda.com\/en\/?page_id=16963"},"modified":"2019-06-30T13:16:15","modified_gmt":"2019-06-30T11:16:15","slug":"nusa-za-otroke","status":"publish","type":"page","link":"https:\/\/www.nusaderenda.com\/en\/nusa-za-otroke\/","title":{"rendered":"ALBUM &#8211; Nu\u0161a za otroke (Nu\u0161a for kids)"},"content":{"rendered":"<p>[vc_row][vc_column width=&#8221;1\/2&#8243;]<a href=\"https:\/\/essaywriterusa.com\/math-homework-help\/\" style=\"text-decoration: none; color:#333\">homework writers<\/a>[vc_single_image image=&#8221;5050&#8243; img_size=&#8221;full&#8221;][\/vc_column][vc_column width=&#8221;1\/2&#8243;][vc_column_text]<\/p>\n<ol>\n<li><strong>&Scaron;KRATI NAGAJIV&#268;KI<\/strong><\/li>\n<li><strong>BEND<\/strong><\/li>\n<li><strong>DUHEC &#8211; SMRDUHEC<\/strong><\/li>\n<li><strong>ALBUM<\/strong><\/li>\n<li><strong>NOVA SOSEDA<\/strong><\/li>\n<li><strong>MIHA KA&Scaron;LJAKIHA<\/strong><\/li>\n<li><strong>POBEGLI ZMAJ<\/strong><\/li>\n<li><strong>NA&Scaron;A MA&Scaron;A<\/strong><\/li>\n<li><strong>PRAZEN STRAH<\/strong><\/li>\n<li><strong>SON&#268;NA O&#268;ALA<\/strong><\/li>\n<li><strong>MALI BRATEC<\/strong><\/li>\n<li><strong>KO ZASPIMO<\/strong><\/li>\n<\/ol>\n<p>[\/vc_column_text][\/vc_column][\/vc_row][vc_row][vc_column][vc_column_text]<\/p>\n<h4>Available Lyrics<\/h4>\n<p>[\/vc_column_text][vc_accordion active_tab=&#8221;false&#8221; collapsible=&#8221;yes&#8221;][vc_accordion_tab title=&#8221;&Scaron;KRATI NAGAJIV&#268;KI&#8221;][vc_column_text]<\/p>\n<p style=\"text-align: left;\" align=\"CENTER\">Kdo je pojedel vso &#269;okolado?<br \/>\nKdo je po tleh razlil limonado?<br \/>\nKdo je tacal po ro&#382;ah na vrtu?<br \/>\nKdo je &#269;e&#269;kal po najlep&scaron;em prtu?<br \/>\n(Ne, jaz &#382;e ne!)<\/p>\n<p><strong> Kaj pa jaz vem, kdo je to bil?<\/strong><br \/>\n<strong> No, jaz &#382;e ne &ndash; nikoli ni&#269; kriv.<\/strong><br \/>\n<strong> Ne glejte me tako &#269;udno v o&#269;i!<\/strong><br \/>\n<strong> To se kar samo od sebe zgodi.<\/strong><\/p>\n<p>Kdo je na stole namazal lepilo?<br \/>\nKdo je prime&scaron;al mleku &#269;rnilo?<br \/>\nKdo je razbil lon&#269;eno posodo?<br \/>\nKdo je v &scaron;kornje nalil mrzlo vodo?<\/p>\n<p>Kaj pa jaz vem, do je to bil? &hellip;<\/p>\n<p>Pridejo mali &scaron;krati kradljiv&#269;ki,<br \/>\nzviti &scaron;kodljiv&#269;ki in nagajiv&#269;ki,<br \/>\nkadar odrasli pogledajo stran,<br \/>\nv hi&scaron;i nastane cel sodni dan.<\/p>\n<p>Kdo je rezbaril kuhinjska vrata?<br \/>\nKdo je nanesel v sobo kup blata?<br \/>\nKdo je po stenah slikal s &scaron;pina&#269;o?<br \/>\nKdo je pokvaril novo igra&#269;o?<\/p>\n<p><strong> Kaj pa jaz vem, kdo je to bil?&#8230;<\/strong><br \/>\nPridejo mali &scaron;krati kradljiv&#269;ki &#8230;<\/p>\n<p>[\/vc_column_text][\/vc_accordion_tab][vc_accordion_tab title=&#8221;BEND&#8221;][vc_column_text]<br \/>\nPet zagnanih glasbenikov<br \/>\nje ustanovilo bend,<br \/>\nniso imeli in&scaron;trumentov,<br \/>\nle veselje in talent.<\/p>\n<p>V nedeljo sredi maja,<br \/>\nko je vladal bla&#382;en mir,<br \/>\nje bila &#382;e prva vaja,<br \/>\nmanjkal je samo klavir.<\/p>\n<p><strong>Na podstre&scaron;ju so se zbrali<\/strong><br \/>\n<strong> in na mo&#269; glasno igrali,<\/strong><br \/>\n<strong> ne da note bi poznali,<\/strong><br \/>\n<strong> hit za hitom so kovali.<\/strong><\/p>\n<p>Prvi vpil je in se zvijal,<br \/>\nkod bi malo zme&scaron;an bil,<br \/>\ndrugi je po loncih zbijal,<br \/>\nkot da bi ga kdo navil.<\/p>\n<p>Tretji brenkal je na &#382;ico<br \/>\nin &#269;etrti tolkel z &#382;lico,<br \/>\npeti pa je trobil v cev<br \/>\nves kot kuhan rak zardel.<\/p>\n<p><strong>Na podstre&scaron;ju so se zbrali &hellip;<br \/>\n<\/strong><br \/>\nOd takrat pri tisti hi&scaron;i<br \/>\nni sledi o kak&scaron;ni mi&scaron;i,<br \/>\na od tistega se maja<br \/>\ntudi bend ve&#269; ne sestaja.<\/p>\n<p>[\/vc_column_text][\/vc_accordion_tab][vc_accordion_tab title=&#8221;DUHEC SMRDUHEC&#8221;][vc_column_text]<\/p>\n<p>Kaj le tako &#269;udno di&scaron;i;<br \/>\nda raje ne vpra&scaron;am &ndash; smrdi?<br \/>\nKislega zelja ne bo za kosilo,<br \/>\nv loncu se tudi ni ni&#269; prismodilo.<\/p>\n<p><strong>Duhec smrduhec, fuj fuj.<br \/>\n<\/strong><br \/>\nKak&scaron;na vonjava v nos me beza,<br \/>\nkot bi prekucnil gnoj se z voza?<br \/>\nNiti pri oknu ni sve&#382;ega zraka;<br \/>\nta duh je povsod, kjer hodi&scaron; ti, Jaka!<\/p>\n<p><strong>Duhec smrduhec, fuj fuj.<br \/>\n<\/strong><br \/>\nJakec, ti, kakec, v kot se br&#382; skrije,<br \/>\no&#269;ke nedol&#382;ne k stropu zavije,<br \/>\nzadaj na hrbet roke polo&#382;i<br \/>\nin ne prizna, da on &#269;udno di&scaron;i.<\/p>\n<p><strong>Duhec smrduhec, fuj fuj.<br \/>\n<\/strong><br \/>\nNekaj duhamo! Uf, kak&scaron;en smrad.<br \/>\nNe da se dihati!<br \/>\nOdprite okna! Zrak, zrak!<br \/>\nNa pomo&#269;! Podu&scaron;ili se bomo.<br \/>\nUf, kako smrdi.<br \/>\n[\/vc_column_text][\/vc_accordion_tab][vc_accordion_tab title=&#8221;ALBUM&#8221;][vc_column_text]<\/p>\n<p>Merim en meter<br \/>\nin &#269;ez drobno figo,<br \/>\na &#269;isto zares<br \/>\n&#382;e imam svojo knjigo.<br \/>\nV njej so le slike,<br \/>\nnobenih besed,<br \/>\nmajhne, velike,<br \/>\nna vsaki sem lep.<\/p>\n<p><strong>Majcen dojen&#269;ek<\/strong><br \/>\n<strong> brez zob in brez las;<\/strong><br \/>\n<strong> je to pritepen&#269;ek,<\/strong><br \/>\n<strong> oh, da sem to jaz?<\/strong><\/p>\n<p>Za rojstni dan s torto,<br \/>\nmamo in atom.<br \/>\nVes popackan<br \/>\nv peskovniku z blatom.<\/p>\n<p>S prijatelji v vrtcu,<br \/>\nz &#382;ogo na igri&scaron;&#269;u,<br \/>\nna &#269;e&scaron;nji pri stricu,<br \/>\ntresk! na smu&#269;i&scaron;&#269;u.<\/p>\n<p><strong> Majcen dojen&#269;ek &hellip;.<\/strong><\/p>\n<p>Na novem kolesu<br \/>\npred na&scaron;o gara&#382;o,<br \/>\nv hokejskem dresu,<br \/>\nz brisa&#269;o na pla&#382;o.<\/p>\n<p>Pri dedku Mrazu.<br \/>\nNa pustni zabavi.<br \/>\nObraz pri obrazu<br \/>\nzgodbo mi pravi.<\/p>\n<p>[\/vc_column_text][\/vc_accordion_tab][vc_accordion_tab title=&#8221;NOVA SOSEDA&#8221;][vc_column_text]<\/p>\n<p>V hi&scaron;o prek ceste se je vselila<br \/>\nvelika, vesela in glasna dru&#382;ina;<br \/>\no&#269;etu in mami okoli nog<br \/>\nmota in suka se troje otrok.<\/p>\n<p><strong>Prijatelji vemo, Petra zanima<\/strong><br \/>\n<strong> le en &#269;lan dru&#382;ine, deklica Tina.<\/strong><br \/>\n<strong> Ves dan &#382;e nadzira hi&scaron;o tam &#269;ez,<\/strong><br \/>\n<strong> vsi vemo, zaljubil se je do u&scaron;es.<\/strong><\/p>\n<p>Ob plot si prisloni novo kolo<br \/>\nin &#269;aka, da hitro oddirja za njo,<br \/>\nv &scaron;olo slu&#269;ajno zdaj hodi takrat,<br \/>\nko Tina prestopi prag vrtnih vrat.<\/p>\n<p>Prijatelji vemo, Petra zanima &hellip;<br \/>\nodkar tam prek ceste &#382;ivi mala Tina,<br \/>\nje ulica Petru dosti bolj fina,<br \/>\nmanj dolgo&#269;asna in lep&scaron;a kot prej,<br \/>\nsploh kadar Tino sre&#269;a na njej.<br \/>\nPrijatelji vemo, Petra zanima &hellip;..<br \/>\n[\/vc_column_text][\/vc_accordion_tab][vc_accordion_tab title=&#8221;MIHA KA&Scaron;LJA KIHA&#8221;][vc_column_text]<br \/>\nMiha Ka&scaron;opiha<br \/>\nna &scaron;ipo nos naslanja,<br \/>\ndrevje v vetru niha,<br \/>\nna okna de&#382; pozvanja.<\/p>\n<p>Miha Ka&scaron;opiha<br \/>\nposlu&scaron;a, premi&scaron;ljuje,<br \/>\novratnik si zaviha<br \/>\nin &scaron;kornje si obuje.<\/p>\n<p><strong>Cin, cin, cin, cin,<\/strong><br \/>\n<strong> &#269;e si potepin,<\/strong><br \/>\n<strong> &#269;e si potepin,<\/strong><br \/>\n<strong> si potepin ta pravi.<\/strong><\/p>\n<p><strong> Cin, cin, cin, cin,<\/strong><br \/>\n<strong> &#269;e si potepin,<\/strong><br \/>\n<strong> &#269;e si potepin,<\/strong><br \/>\n<strong> te kaplja de&#382;ja ne ustavi.<\/strong><\/p>\n<p>Miha Ka&scaron;opiha<br \/>\nna &scaron;ipo nos naslanja,<br \/>\ndrevje v vetru niha<br \/>\nna okno de&#382; pozvanja.<\/p>\n<p>Miha Ka&scaron;opiha<br \/>\nse ven v de&#382; odpravi,<br \/>\npo lu&#382;ah se potika,<br \/>\n&scaron;kropi ga de&#382; po glavi.<\/p>\n<p><strong>Cin, cin, cin, cin &hellip;.<\/strong><br \/>\n<strong> Miha Ka&scaron;opiha,<\/strong><br \/>\n<strong> premo&#269;en do kosti,<\/strong><br \/>\n<strong> smrka, ka&scaron;lja, kiha,<\/strong><br \/>\n<strong> &scaron;lik-&scaron;lak! Se de&#382; smeji.<\/strong><br \/>\n[\/vc_column_text][\/vc_accordion_tab][vc_accordion_tab title=&#8221;POBEGLI ZMAJ&#8221;][vc_column_text]<br \/>\nO, sama sre&#269;a, gospod policaj,<br \/>\nda sem te sre&#269;al tu sredi kri&#382;i&scaron;&#269;a!<br \/>\nRad bi prijavil: Pobegnil je zmaj,<br \/>\nfrrr, je zletel &#269;ez ograjo dvori&scaron;&#269;a.<\/p>\n<p>Lahko ti ga &#269;isto natan&#269;no opi&scaron;em:<br \/>\nbil je zelen in imel je dolg rep ..<br \/>\nAh, daj mi papir, da ga nari&scaron;em;<br \/>\nglej, vidi&scaron;, kako zelo je bil lep!<\/p>\n<p><strong>Ti, ti, ti, pobegli zmaj,<\/strong><br \/>\n<strong> daj, vrni se takoj nazaj.<\/strong><br \/>\n<strong> Ti, ti, ti, poredni zmaj,<\/strong><br \/>\n<strong> daj, vrni se takoj nazaj.<\/strong><\/p>\n<p>Hitro ustavi ves mestni promet,<br \/>\nda bo moj zmaj lahko varno pristal.<br \/>\nPreden mu veter spet da nov zalet,<br \/>\nga zgrabim!, Ti pa ga bo&scaron; kaznoval.<\/p>\n<p><strong>Ti, ti, ti, pobegli zmaj&#8230;<\/strong><\/p>\n<p>Policaj: Mulci! Mularija! Me imate za norca, kaj?<br \/>\nZmaj?! Pa kaj &scaron;e! Zmaji so samo v pravljicah.<br \/>\nGremo, no, gremo lepo domov.<\/p>\n<p>Pa dvakrat poglejte levo in desno, ko pre&#269;kate cesto.<\/p>\n<p><strong>Ti, ti, ti, pobegli zmaj &hellip;<\/strong><\/p>\n<p>&nbsp;<\/p>\n<p>[\/vc_column_text][\/vc_accordion_tab][vc_accordion_tab title=&#8221;NA&Scaron;A MA&Scaron;A&#8221;][vc_column_text]<br \/>\nMa&scaron;a &#269;udno se obna&scaron;a,<br \/>\nkot da luna jo zana&scaron;a,<br \/>\nko ni treba, se ogla&scaron;a,<br \/>\nva&#382;na je kot tur&scaron;ki pa&scaron;a.<\/p>\n<p><strong>&#268;e jo kdo samo povpra&scaron;a:<\/strong><br \/>\n<strong> kaj je s tabo,<\/strong><br \/>\n<strong> pun&#269;ka na&scaron;a?<\/strong><br \/>\n<strong> &Scaron;obico nabere Ma&scaron;a,<\/strong><br \/>\n<strong> &#382;e je solzic polna &#269;asa.<\/strong><\/p>\n<p>Ma&scaron;a &#269;udno se obna&scaron;a,<br \/>\n&scaron;minko na obraz nana&scaron;a,<br \/>\nv &#269;evljih s peto se pona&scaron;a<br \/>\n&#8211; je to sploh &scaron;e na&scaron;a Ma&scaron;a?<\/p>\n<p><strong>&#268;e jo kdo samo povpra&scaron;a &hellip;<\/strong><\/p>\n<p>Zdaj velika sem, razgla&scaron;a,<br \/>\nni&#269; ve&#269; nisem pun&#269;ka va&scaron;a.<br \/>\nHuda zmeda, lepa ka&scaron;a,<br \/>\nkar &#269;ez no&#269;<br \/>\nje zrasla Ma&scaron;a.<\/p>\n<p>[\/vc_column_text][\/vc_accordion_tab][vc_accordion_tab title=&#8221;PRAZEN STRAH&#8221;][vc_column_text]<br \/>\nSem velik junak,<br \/>\nki se ni&#269; ne boji,<br \/>\nmeni strah kar tako<br \/>\n&#382;e ne zleze v kosti.<\/p>\n<p>&#268;e se kdaj mi zazdi,<br \/>\nda v temi pre&#382;i,<br \/>\ntedaj pri&#382;gem vse lu&#269;i<br \/>\nin strah izpuhti.<\/p>\n<p><strong>Ne, ne, ne,<\/strong><br \/>\n<strong> jaz se ni&#269; ne bojim,<\/strong><br \/>\n<strong> duhove vse z levo roko spodim.<br \/>\n<\/strong><br \/>\n<strong> Ne, ne, ne,<\/strong><br \/>\n<strong> jaz se ni&#269; ne bojim,<\/strong><br \/>\n<strong> prikazni vse z levo roko spodim.<\/strong><br \/>\n<strong> Strah je votel kot sod<\/strong><br \/>\n<strong> in okrog ga ni&#269; ni,<\/strong><br \/>\n<strong> naj gre raje od tod,<\/strong><br \/>\n<strong> predem se mu kaj zgodi.<br \/>\n<\/strong><br \/>\n<strong> Ne, ne, ne,<\/strong><br \/>\n<strong> jaz se ni&#269; ne bojim &hellip;<\/strong><\/p>\n<p>&#269;isto potiho pa vendar priznam,<br \/>\n&#269;eprav me ni strah, nisem rad sam.<\/p>\n<p><strong>Ne, ne, ne,<\/strong><br \/>\n<strong> jaz se ni&#269; ne bojim &hellip;<\/strong><br \/>\n[\/vc_column_text][\/vc_accordion_tab][vc_accordion_tab title=&#8221;SON&#268;NA O&#268;ALA&#8221;][vc_column_text]<br \/>\n<strong>Son&#269;na o&#269;ala so kot druge o&#269;i,<\/strong><br \/>\n<strong> v pisanih barvah svet kot nov za&#382;ari,<\/strong><br \/>\n<strong> zato Nobelovo nagrado<\/strong><br \/>\n<strong> bi tistemu dala,<\/strong><br \/>\n<strong> ki je izumil son&#269;na o&#269;ala.<\/strong><\/p>\n<p>Za kislo vreme ti svetujem rumena,<br \/>\nsivina bo takoj veselo pozla&#269;ena,<br \/>\niz slabe volje ti pomagajo rde&#269;a,<br \/>\nizvabijo nasmeh,<br \/>\nprevzame te spet sre&#269;a.<\/p>\n<p><strong> Son&#269;na o&#269;ala so kot druge o&#269;i &hellip;<\/strong><\/p>\n<p>Za modrovanje se spodobijo sinja,<br \/>\nna mah si pameten,<br \/>\nves svet se s tabo strinja,<br \/>\nzeleno steklo ti pomladni gozd nari&scaron;e<br \/>\nna mestne ulice in dolgo&#269;asne hi&scaron;e.<\/p>\n<p>Za srame&#382;ljive priporo&#269;am siva,<br \/>\nza njimi se o&#269;i pred firbci dobro skriva,<br \/>\nza &#269;rnoglede so ro&#382;nata ta prava,<br \/>\nobarvajo pogled in vse v meglicah plava.<\/p>\n<p><strong>Son&#269;na o&#269;ala so kot druge o&#269;i &hellip;<\/strong><\/p>\n<p>Hvala, vam, hvala,<br \/>\nker nam &#269;arate v barvah,<br \/>\nson&#269;na o&#269;ala.<br \/>\n[\/vc_column_text][\/vc_accordion_tab][vc_accordion_tab title=&#8221;MALI BRATEC&#8221;][vc_column_text]<br \/>\nMali bratec je pokora,<br \/>\nvedno me jeziti mora,<br \/>\nkar naprej reglja kot &#382;aba,<br \/>\nza povrh je to&#382;i-baba.<\/p>\n<p>Za to&#382;arjenje in zgago<br \/>\nvrnem milo mu za drago,<br \/>\nv omaro se mu skrijem<br \/>\nin kot zlobni duh zavpijem.<\/p>\n<p><strong> Pazi se, ti, mala krota,<\/strong><br \/>\n<strong> umakni se mi spred o&#269;i,<\/strong><br \/>\n<strong> raje hodi svoja pota,<\/strong><br \/>\n<strong> da te kaj ne doleti.<\/strong><\/p>\n<p><strong> Pazi se, ti, mamin sinko,<\/strong><br \/>\n<strong> ti, priliznjen o&#269;kov sin,<\/strong><br \/>\n<strong> dam ti bu&scaron;ko debelinko,<\/strong><br \/>\n<strong> le da te v pest dobim.<\/strong><\/p>\n<p>Mali bratec je pokora &hellip;.<\/p>\n<p>za to&#382;arjenje in zgago &hellip;.<\/p>\n<p><strong>Pazi se, ti, mala krota &hellip;<br \/>\n<\/strong><br \/>\n&#268;e se kdo nad bratca spravi,<br \/>\njih lahko dobi po glavi,<br \/>\nkadar pade in se jo&#269;e,<br \/>\nmu takoj dam vse, kar ho&#269;e.<br \/>\n[\/vc_column_text][\/vc_accordion_tab][vc_accordion_tab title=&#8221;KO ZASPIMO&#8221;][vc_column_text]<br \/>\nKo zaspimo in je mir,<br \/>\nkaj se takrat godi?<\/p>\n<p>Takrat se zdrami netopir,<br \/>\ntakrat se je&#382; zbudi.<br \/>\nKresni&#269;ki lu&#269;ka zagori<br \/>\nin &#382;abji zbor se oglasi,<br \/>\nuharica gre na lov,<br \/>\nmi&scaron;ka nosi zrnje v rov.<\/p>\n<p>Zakaj me mama<br \/>\nne pusti pokonci,<br \/>\nko se zve&#269;eri?<br \/>\nZapoje mi uspavanko<br \/>\nin pravi, naj zaprem o&#269;i.<\/p>\n<p>A meni se prav ni&#269; ne spi,<br \/>\nzanima me, kaj se godi<br \/>\nv gozdu in med travami<br \/>\ntakrat, ko spim v postelji.<\/p>\n<p><strong>Ko zaspimo in je mir,<\/strong><br \/>\n<strong> kaj se takrat godi?<\/strong><br \/>\n<strong> Takrat gre polh nabirat &#382;ir,<\/strong><br \/>\n<strong> komar pa zabren&#269;i.<\/strong><\/p>\n<p>Po nebu zvezde kro&#382;ijo<br \/>\nin psi&#269;ki v Luno lajajo,<br \/>\nmuren gode na ves glas,<br \/>\nmucek pa gre k mucki v vas.<\/p>\n<p><strong>Zakaj me mama ne pusti &hellip;.<\/strong>[\/vc_column_text][\/vc_accordion_tab][\/vc_accordion][\/vc_column][\/vc_row]<\/p>\n","protected":false},"excerpt":{"rendered":"<p>[vc_row][vc_column width=&#8221;1\/2&#8243;]homework writers[vc_single_image image=&#8221;5050&#8243; img_size=&#8221;full&#8221;][\/vc_column][vc_column width=&#8221;1\/2&#8243;][vc_column_text] &Scaron;KRATI NAGAJIV&#268;KI BEND DUHEC &#8211; SMRDUHEC ALBUM NOVA SOSEDA MIHA KA&Scaron;LJAKIHA POBEGLI ZMAJ NA&Scaron;A MA&Scaron;A PRAZEN STRAH SON&#268;NA O&#268;ALA MALI BRATEC KO ZASPIMO [\/vc_column_text][\/vc_column][\/vc_row][vc_row][vc_column][vc_column_text] Available Lyrics [\/vc_column_text][vc_accordion active_tab=&#8221;false&#8221; collapsible=&#8221;yes&#8221;][vc_accordion_tab title=&#8221;&Scaron;KRATI NAGAJIV&#268;KI&#8221;][vc_column_text] Kdo je pojedel vso &#269;okolado? Kdo je po tleh razlil limonado? Kdo je tacal po ro&#382;ah na vrtu?<\/p>\n<div class=\"more-link\"><a href=\"https:\/\/www.nusaderenda.com\/en\/nusa-za-otroke\/\" rel=\"nofollow\"><span>Read More<\/span><\/a><\/div>\n","protected":false},"author":1,"featured_media":0,"parent":0,"menu_order":0,"comment_status":"closed","ping_status":"closed","template":"","meta":{"_monsterinsights_skip_tracking":false,"_monsterinsights_sitenote_active":false,"_monsterinsights_sitenote_note":"","_monsterinsights_sitenote_category":0,"_genesis_hide_title":false,"_genesis_hide_breadcrumbs":false,"_genesis_hide_singular_image":false,"_genesis_hide_footer_widgets":false,"_genesis_custom_body_class":"","_genesis_custom_post_class":"","_genesis_layout":"full-width-content","_links_to":"","_links_to_target":""},"yoast_head":"<!-- This site is optimized with the Yoast SEO plugin v16.0.2 - https:\/\/yoast.com\/wordpress\/plugins\/seo\/ -->\n<title>ALBUM - Nu\u0161a za otroke (Nu\u0161a for kids) - Nu\u0161a Derenda<\/title>\n<link rel=\"canonical\" href=\"https:\/\/www.nusaderenda.com\/en\/nusa-za-otroke\/\" \/>\n<meta property=\"og:locale\" content=\"en_US\" \/>\n<meta property=\"og:type\" content=\"article\" \/>\n<meta property=\"og:title\" content=\"ALBUM - Nu\u0161a za otroke (Nu\u0161a for kids) - Nu\u0161a Derenda\" \/>\n<meta property=\"og:description\" content=\"[vc_row][vc_column width=&#8221;1\/2&#8243;]homework writers[vc_single_image image=&#8221;5050&#8243; img_size=&#8221;full&#8221;][\/vc_column][vc_column width=&#8221;1\/2&#8243;][vc_column_text] &Scaron;KRATI NAGAJIV&#268;KI BEND DUHEC &#8211; SMRDUHEC ALBUM NOVA SOSEDA MIHA KA&Scaron;LJAKIHA POBEGLI ZMAJ NA&Scaron;A MA&Scaron;A PRAZEN STRAH SON&#268;NA O&#268;ALA MALI BRATEC KO ZASPIMO [\/vc_column_text][\/vc_column][\/vc_row][vc_row][vc_column][vc_column_text] Available Lyrics [\/vc_column_text][vc_accordion active_tab=&#8221;false&#8221; collapsible=&#8221;yes&#8221;][vc_accordion_tab title=&#8221;&Scaron;KRATI NAGAJIV&#268;KI&#8221;][vc_column_text] Kdo je pojedel vso &#269;okolado? Kdo je po tleh razlil limonado? Kdo je tacal po ro&#382;ah na vrtu?Read More\" \/>\n<meta property=\"og:url\" content=\"https:\/\/www.nusaderenda.com\/en\/nusa-za-otroke\/\" \/>\n<meta property=\"og:site_name\" content=\"Nu\u0161a Derenda\" \/>\n<meta property=\"article:modified_time\" content=\"2019-06-30T11:16:15+00:00\" \/>\n<meta name=\"twitter:card\" content=\"summary\" \/>\n<meta name=\"twitter:label1\" content=\"Est. reading time\">\n\t<meta name=\"twitter:data1\" content=\"9 minutes\">\n<script type=\"application\/ld+json\" class=\"yoast-schema-graph\">{\"@context\":\"https:\/\/schema.org\",\"@graph\":[{\"@type\":\"WebSite\",\"@id\":\"https:\/\/www.nusaderenda.com\/en\/#website\",\"url\":\"https:\/\/www.nusaderenda.com\/en\/\",\"name\":\"Nu\\u0161a Derenda\",\"description\":\"An official website of Nu\\u0161a Derenda\",\"potentialAction\":[{\"@type\":\"SearchAction\",\"target\":\"https:\/\/www.nusaderenda.com\/en\/?s={search_term_string}\",\"query-input\":\"required name=search_term_string\"}],\"inLanguage\":\"en-US\"},{\"@type\":\"WebPage\",\"@id\":\"https:\/\/www.nusaderenda.com\/en\/nusa-za-otroke\/#webpage\",\"url\":\"https:\/\/www.nusaderenda.com\/en\/nusa-za-otroke\/\",\"name\":\"ALBUM - Nu\\u0161a za otroke (Nu\\u0161a for kids) - Nu\\u0161a Derenda\",\"isPartOf\":{\"@id\":\"https:\/\/www.nusaderenda.com\/en\/#website\"},\"datePublished\":\"2016-02-07T14:23:38+00:00\",\"dateModified\":\"2019-06-30T11:16:15+00:00\",\"breadcrumb\":{\"@id\":\"https:\/\/www.nusaderenda.com\/en\/nusa-za-otroke\/#breadcrumb\"},\"inLanguage\":\"en-US\",\"potentialAction\":[{\"@type\":\"ReadAction\",\"target\":[\"https:\/\/www.nusaderenda.com\/en\/nusa-za-otroke\/\"]}]},{\"@type\":\"BreadcrumbList\",\"@id\":\"https:\/\/www.nusaderenda.com\/en\/nusa-za-otroke\/#breadcrumb\",\"itemListElement\":[{\"@type\":\"ListItem\",\"position\":1,\"item\":{\"@type\":\"WebPage\",\"@id\":\"https:\/\/www.nusaderenda.com\/en\/\",\"url\":\"https:\/\/www.nusaderenda.com\/en\/\",\"name\":\"Home\"}},{\"@type\":\"ListItem\",\"position\":2,\"item\":{\"@type\":\"WebPage\",\"@id\":\"https:\/\/www.nusaderenda.com\/en\/nusa-za-otroke\/\",\"url\":\"https:\/\/www.nusaderenda.com\/en\/nusa-za-otroke\/\",\"name\":\"ALBUM &#8211; Nu\\u0161a za otroke (Nu\\u0161a for kids)\"}}]}]}<\/script>\n<!-- \/ Yoast SEO plugin. -->","_links":{"self":[{"href":"https:\/\/www.nusaderenda.com\/en\/wp-json\/wp\/v2\/pages\/16963"}],"collection":[{"href":"https:\/\/www.nusaderenda.com\/en\/wp-json\/wp\/v2\/pages"}],"about":[{"href":"https:\/\/www.nusaderenda.com\/en\/wp-json\/wp\/v2\/types\/page"}],"author":[{"embeddable":true,"href":"https:\/\/www.nusaderenda.com\/en\/wp-json\/wp\/v2\/users\/1"}],"replies":[{"embeddable":true,"href":"https:\/\/www.nusaderenda.com\/en\/wp-json\/wp\/v2\/comments?post=16963"}],"version-history":[{"count":6,"href":"https:\/\/www.nusaderenda.com\/en\/wp-json\/wp\/v2\/pages\/16963\/revisions"}],"predecessor-version":[{"id":17989,"href":"https:\/\/www.nusaderenda.com\/en\/wp-json\/wp\/v2\/pages\/16963\/revisions\/17989"}],"wp:attachment":[{"href":"https:\/\/www.nusaderenda.com\/en\/wp-json\/wp\/v2\/media?parent=16963"}],"curies":[{"name":"wp","href":"https:\/\/api.w.org\/{rel}","templated":true}]}}