{"id":16955,"date":"2016-02-07T15:17:03","date_gmt":"2016-02-07T14:17:03","guid":{"rendered":"http:\/\/www.nusaderenda.com\/en\/?page_id=16955"},"modified":"2016-02-08T22:39:04","modified_gmt":"2016-02-08T21:39:04","slug":"album-na-stiri-oci","status":"publish","type":"page","link":"https:\/\/www.nusaderenda.com\/en\/album-na-stiri-oci\/","title":{"rendered":"ALBUM &#8211; Na \u0161tiri o\u010di (Face to face)"},"content":{"rendered":"<p>[vc_row][vc_column width=&#8221;1\/2&#8243;][vc_single_image image=&#8221;5073&#8243; img_size=&#8221;large&#8221;][\/vc_column][vc_column width=&#8221;1\/2&#8243;][vc_column_text]<\/p>\n<h4><\/h4>\n<ol>\n<li><strong>NA &Scaron;TIRI O&#268;I<\/strong><\/li>\n<li><strong>KOT DA JE PRVI&#268;<\/strong><\/li>\n<li><strong>LEPO MI JE<\/strong><\/li>\n<li><strong>ZDAJ VERJAMEM<\/strong><\/li>\n<li><strong>POLJUB V SLOVO<\/strong><\/li>\n<li><strong>ROMEO IN JULIJA<\/strong><\/li>\n<li><strong>PESEK V O&#268;I<\/strong><\/li>\n<li><strong>EUROSONG MIX<\/strong><\/li>\n<li><strong>NISEM KOT TI<\/strong><\/li>\n<li><strong>ROKO NA SRCE<\/strong><\/li>\n<li><strong>NE IZGUBLJAJ &#268;ASA Z MANO<\/strong><\/li>\n<li><strong>NE NI RES<\/strong><\/li>\n<li><strong>CUANDO CALIENTA EL SOL<\/strong><\/li>\n<\/ol>\n<p>&nbsp;<\/p>\n<p>[\/vc_column_text][\/vc_column][\/vc_row][vc_row][vc_column][vc_column_text]<\/p>\n<h4>Available Lyrics<\/h4>\n<p>[\/vc_column_text][\/vc_column][\/vc_row][vc_row][vc_column][vc_accordion active_tab=&#8221;false&#8221; collapsible=&#8221;yes&#8221;][vc_accordion_tab title=&#8221;NA &Scaron;TIRI O&#268;I&#8221;][vc_column_text]<\/p>\n<p>Ne ustavi me sneg, niti ogenj razgret,<br \/>\nmoj korak gre vedno le naprej.<br \/>\n&#268;e pred mano gora stoji, divja reka drvi,<br \/>\nmene to sploh ne skrbi.<\/p>\n<p>Ker ne predam se, o ne, ni&#269; ne zlomi me,<br \/>\nres najlep&scaron;e tu ob tebi je.<br \/>\nKer nih&#269;e ni kot ti, vsak ob tebi zbledi,<br \/>\nkot senca iz preteklosti.<\/p>\n<p><strong>Na &scaron;tiri o&#269;i,<\/strong><br \/>\n<strong> povej, &#269;e poljub tvoj &scaron;e po meni di&scaron;i,<\/strong><br \/>\n<strong> ko se te dotaknem, <\/strong><br \/>\n<strong>te kdaj spreleti,<\/strong><br \/>\n<strong> ti srce pregori,<\/strong><br \/>\n<strong> ko v &#382;ametnem jutru z mano si.<\/strong><br \/>\n<strong> Na &scaron;tiri o&#269;i,<\/strong><br \/>\n<strong> povej, &#269;e se tla nemirno stresejo,<\/strong><br \/>\n<strong> ko moje dlani te v greh ponesejo,<\/strong><br \/>\n<strong> povej, se ti zdi,<\/strong><br \/>\n<strong> da nekaj v nama &scaron;e gori.<\/strong><\/p>\n<p>Od jutra vse do no&#269;i, tvoj smeh pre&#382;ene skrbi,<br \/>\nres najlepe tu ob tebi je,<br \/>\nker nih&#269;e ni kot ti, vsak ob tebi zbledi,<br \/>\nkot senca iz preteklosti.<\/p>\n<p><strong><em>AVTOR: M. Vla&scaron;i&#269;; BESEDILO: U. Vla&scaron;i&#269;;<br \/>\nPRIREDBA: B. Grabnar, M. Vla&scaron;i&#269;<\/em><\/strong><\/p>\n<p>[\/vc_column_text][\/vc_accordion_tab][vc_accordion_tab title=&#8221;KOT, DA JE PRVI&#268;&#8221;][vc_column_text]<\/p>\n<p>Ko luna spije oto&#382;ne no&#269;i,<br \/>\nob meni te ni,<br \/>\nko hrepenenje za&#269;ara mi dan,<br \/>\nne sli&scaron;i&scaron; me ti.<br \/>\n&#381;e dolgo me ta pesem lovi,<br \/>\nda me prebudi,<br \/>\na jaz<br \/>\nsem brez mo&#269;i.<\/p>\n<p>Ker to &#382;ivljenje, kadar te ni,<br \/>\nse v krogu vrti,<br \/>\nko se nasmehne&scaron;,<br \/>\nspet se rodim,<br \/>\nspet za&#382;ivim.<br \/>\nKer s tvojo sliko dan se zbudi,<br \/>\nnajlep&scaron;i se zdi,<br \/>\na jaz<br \/>\nsem brez mo&#269;i.<br \/>\nKot da je prvi&#269;,<br \/>\nnaj te &#269;utim tu ob sebi,<br \/>\nne ustavi se,<br \/>\nle bo&#382;aj me,<br \/>\nkot da je prvi&#269;,<br \/>\nda ne prepodi&scaron; mi sanje,<br \/>\nne&#382;no, ne&#382;no,<br \/>\nnaj te ovijem vanje.<\/p>\n<p>Na de&#382;ne kaplje tiho napi&scaron;em tvoje ime,<br \/>\n&#382;e zrak vdihnem, pozabim vse,<br \/>\nin spet &#269;akam te.<br \/>\nvsak trenutek dalj&scaron;i se zdi,<br \/>\nvse dalj&scaron;i se zdi,<br \/>\na jaz<br \/>\nsem brez mo&#269;i.<\/p>\n<p>Kot da je prvi&#269;&#8230;<\/p>\n<p><strong><em>AVTOR: M. Vla&scaron;i&#269;; BESEDILO: U. Vla&scaron;i&#269;;<br \/>\nPRIREDBA: B. Grabnar, M. Vla&scaron;i&#269;<\/em><\/strong><\/p>\n<p><span style=\"line-height: 1.5;\">[\/vc_column_text][\/vc_accordion_tab][vc_accordion_tab title=&#8221;LEPO MI JE&#8221;][vc_column_text]<\/span><\/p>\n<p>Ne morem se upreti,<br \/>\nnekaj &scaron;e v tebi je,<br \/>\nnekaj vle&#269;e kot vihar zdaj k tebi me,<br \/>\nne morem se upreti,<br \/>\nko se spet dotakne&scaron; me,<br \/>\nza vse drugo mi takrat vseeno je.<\/p>\n<p><strong>Ker lepo mi je,<\/strong><br \/>\n<strong> vedno ko pogledam te,<\/strong><br \/>\n<strong> lepo mi je,<\/strong><br \/>\n<strong> ko pogreje&scaron; me.,<\/strong><\/p>\n<p>S poljubom me okusi,<br \/>\nko ob tebi trepetam,<br \/>\nker takrat &scaron;e sama sebe ne spoznam,<\/p>\n<p>S poljubom me okusi,<br \/>\nda ve&scaron;, kako lepo mi je,<br \/>\nko sva skupaj,<br \/>\nzame dan se spet za&#269;ne.<\/p>\n<p><strong><em>AVTOR: M. Vla&scaron;i&#269;; BESEDILO: U. Vla&scaron;i&#269;;<br \/>\nPRIREDBA: B. Grabnar, M. Vla&scaron;i&#269;<\/em><\/strong><\/p>\n<p>[\/vc_column_text][\/vc_accordion_tab][vc_accordion_tab title=&#8221;ZDAJ VERJAMEM&#8221;][vc_column_text]<\/p>\n<p><strong>Zdaj verjamem,da je sre&#269;a na dosegu rok,<\/strong><br \/>\n<strong> prej sem jo zaman iskala dale&#269; naokrog.<\/strong><br \/>\n<strong> rekel si le,da me ljubi&scaron;,in sem vedela,<\/strong><br \/>\n<strong> sre&#269;a sama k meni je pri&scaron;la.<\/strong><\/p>\n<p>Ko sem upanje zgubila,<br \/>\nsre&#269;i hrbet obrnila,<br \/>\nsi pri&scaron;el, pogledal me v o&#269;i.<br \/>\ntem o&#269;em lahko verjamem,<br \/>\nkar &#382;elim lahko si vzamem,<br \/>\nspet znam sanjati.<\/p>\n<p>Zami&#382;im,tvoj glas me vodi v raj,<br \/>\nmed podobe mojih davnih sanj.<\/p>\n<p><strong>Zdaj verjamem&nbsp;&#8230;<\/strong><\/p>\n<p>Tvoje misli so na dlani,<br \/>\nvedno si na moji strani,<br \/>\ns tabo je vse tako lahko.<br \/>\nV hladni zimi si poletje,<br \/>\nv viharju si zavetje,<br \/>\nob tebi je toplo.<\/p>\n<p>Zami&#382;im,tvoj glas me vodi v raj,<br \/>\nmed podobe mojih davnih sanj.<\/p>\n<p><strong>Zdaj verjamem,&#8230;<\/strong><\/p>\n<p><strong><em>AVTOR: M. Ora&#382;em; BESEDILO: D. Kenda Hussu;<br \/>\nPRIREDBA: M. Ora&#382;em, F. Zabukovec<\/em><\/strong><\/p>\n<p>[\/vc_column_text][\/vc_accordion_tab][vc_accordion_tab title=&#8221;POLJUB V SLOVO&#8221;][vc_column_text]<\/p>\n<p>Tvoje besede kot sol so na rano,<br \/>\nkot no&#382;,ki zare&#382;e v srce.<br \/>\nin tvoje o&#269;i ne tajijo pred mano,<br \/>\nda ti vseeno je.<br \/>\nPravi&scaron;,da zgodba je davno kon&#269;ana,<br \/>\nker ti si spremenil se.<br \/>\nda je umrla ljubezen med nama,<br \/>\nsre&#269;o na&scaron;el si drugje.<\/p>\n<p><strong>Le &scaron;e poljub v slovo,<\/strong><br \/>\n<strong> skrivam svoje solze pred teboj.<\/strong><br \/>\n<strong> vse bolj mi je hudo,<\/strong><br \/>\n<strong> a priznala ti nikdar ne bom.<\/strong><br \/>\n<strong> Le &scaron;e poljub v slovo,<\/strong><br \/>\n<strong> ker nikoli ve&#269; ne bo&scaron; le moj.<\/strong><br \/>\n<strong> naj ti ne bo hudo,<\/strong><br \/>\n<strong> vse,kar &scaron;e lahko mi da&scaron;,<\/strong><br \/>\n<strong> je poljub v slovo.<\/strong><\/p>\n<p>Mislila sem,da vem vse o tebi,<br \/>\nzdaj tujec pred mano stoji.<br \/>\nSvoje &#382;ivlenje s teboj sem delila,<br \/>\nzdaj stran se ti mudi.<br \/>\nPravi&scaron;,da zgodba je davno kon&#269;ana,<br \/>\nker ti si spremenil se.<br \/>\nDa je umrla ljubezen med nama,<br \/>\nsre&#269;o na&scaron;el si drugje.<\/p>\n<p><strong>Le &scaron;e poljub v slovo&#8230;<\/strong><\/p>\n<p>Zru&scaron;il se je moj svet,<br \/>\ngrenek je moj nasmeh,<br \/>\nali bom &scaron;e lahko ljubila?<br \/>\nNi&#269; ve&#269; norih no&#269;i,<br \/>\nni&#269; ve&#269; tvojih la&#382;i.<br \/>\nOprostila ne bom nikoli ti,<br \/>\nda varal si.<\/p>\n<p><strong>Le &scaron;e poljub v slovo&#8230;<\/strong><\/p>\n<p><strong><em>AVTOR: A. Klinar; BESEDILO: A. Rupel;<br \/>\nPRIREDBA: A. Klinar,A. &#268;ade&#382;<\/em><\/strong><\/p>\n<p>[\/vc_column_text][\/vc_accordion_tab][vc_accordion_tab title=&#8221;PESEK V O&#268;I&#8221;][vc_column_text]<\/p>\n<p>Ti, v sebi ti &scaron;e vedno &#269;uva&scaron; me,<br \/>\nle ti, verjame&scaron; v mene, daje&scaron; vse,<br \/>\na jaz; jaz moram odkriti, kam &#382;ivljenje pelje me,<br \/>\nda spet najdem se.<\/p>\n<p>&#268;e, kdaj name svojo roko dvignil bi,<br \/>\nin &#269;e, z besedami me poni&#382;al bi,<br \/>\nvem, od&scaron;la bi v srcu stokrat la&#382;je bi bilo,<br \/>\nmi la&#382;je bi bilo.<\/p>\n<p><strong>Pesek v o&#269;i,<\/strong><br \/>\n<strong> me&#269;em pesek si v o&#269;i,<\/strong><br \/>\n<strong> da izbri&scaron;em &#382;alost, ki se v meni budi,<\/strong><br \/>\n<strong> ne&#382;no naj te druga ljubi,<\/strong><br \/>\n<strong> &#269;uva te s poljubi,<\/strong><br \/>\n<strong> ko bom nate mislila.<\/strong><\/p>\n<p>&#268;e vedno bil bi hladen tvoj objem,<br \/>\nin &#269;e, bi druga se skrivala v njem,<br \/>\nvem, od&scaron;la bi;v srcu stokrat la&#382;je bi bilo,<br \/>\nMi la&#382;je bi bilo.<\/p>\n<p><em>AVTOR: M. Vla&scaron;i&#269;; BESEDILO: U. Vla&scaron;i&#269;;<br \/>\nPRIREDBA: B. Grabnar, M. Vla&scaron;i&#269;<\/em><\/p>\n<p>[\/vc_column_text][\/vc_accordion_tab][vc_accordion_tab title=&#8221;EUROSONG MIX&#8221;][vc_column_text]<\/p>\n<p><b>NE PARTEZ PAS SANS MOI<\/b><br \/>\n(A. SEREFTUG \/ N. MARTINETTI \/ B. GRABNAR)<\/p>\n<p><b>APRES TOI<\/b><br \/>\n(M. PANAS \/ K. MUNRO \/ K. MUNRO, Y. DESSCA\/ B. GRABNAR)<\/p>\n<p><b>PUPPET ON A STRING<\/b> (B. MARTIN, P. COULTER \/ B. GRABNAR)<\/p>\n<p><b>FLY ON THE WINGS OF LOVE<\/b><br \/>\n(J. OLSEN \/ B. GRABNAR)<\/p>\n<p><b>TAKE ME TO YOUR HEAVEN<\/b><br \/>\n(L.DIDRIKSSON \/ G. LENGSTRAND \/ B. GRABNAR<\/p>\n<p><b>WATERLOO<\/b><br \/>\n(B. ANDERSSON, B. ULVAEUS \/ S. ANDERSON\/ B. GRABNAR)<\/p>\n<p><b>ROCK ME, BABY<\/b><br \/>\n(R. DUJMI&#262; \/ S. CVIKI&#262; \/ B. GRABNAR)<\/p>\n<p><b>DIGGI-LOO,DIGGI-LEY<\/b><br \/>\n(T. SODERBERG \/ B. LINDEBORG \/ B. GRABNAR)<\/p>\n<p><b>EIN BISSCHEN FRIEDEN<\/b><br \/>\n(R.SIEGEL \/ B. MEINUNGER\/ B. GRABNAR)<\/p>\n<p><b>DIVA<\/b><br \/>\n(Z. PICK\/ Y. GINAI \/ B. GRABNAR)<\/p>\n<p>[\/vc_column_text][\/vc_accordion_tab][vc_accordion_tab title=&#8221;NISEM KOT TI&#8221;][vc_column_text]<\/p>\n<p>Objokuje&scaron; dobre stare dni,<br \/>\no&#269;ita&scaron; si miljon stvari,<br \/>\nprepustiva jih minljivosti,<br \/>\njaz grem naprej v nov dan,nisem kot ti.<\/p>\n<p>Le spomin,bo ostal,<br \/>\nlepih dni mi ni &#382;al.<\/p>\n<p><strong>Oprosti ne znam se ve&#269; pretvarjati,<\/strong><br \/>\n<strong> ne morem spreminjati preteklosti.<\/strong><br \/>\n<strong> ti kar igraj, zatiskaj si o&#269;i,<\/strong><br \/>\n<strong> jaz ne znam, nisem kot ti.<\/strong><\/p>\n<p>Vedno bolj se oddaljujeva,<br \/>\nti ne zna&scaron; pozabljati.<br \/>\nNe dovoli&scaron; mi,da bi od&scaron;la,<br \/>\nob tebi ne zdr&#382;im, no&#269;em la&#382;i.<\/p>\n<p>Konec je,daj priznaj<br \/>\nin ne glej ve&#269; nazaj.<\/p>\n<p><strong>Oprosti ne znam se ve&#269; pretvarjati&#8230;<\/strong><\/p>\n<p><strong>Oprosti ne znam se ve&#269; pretvarjati&#8230;<\/strong><\/p>\n<p><strong><em>AVTOR: M. Ora&#382;em; BESEDILO: D. Kenda Hussu;<br \/>\nPRIREDBA: M. Ora&#382;em, F. Zabukovec<\/em><\/strong><\/p>\n<p>[\/vc_column_text][\/vc_accordion_tab][vc_accordion_tab title=&#8221;ROKO NA SRCE&#8221;][vc_column_text]<\/p>\n<p>Povej mi, kdo si ti,<br \/>\nsaj te ne prepoznam,<br \/>\ndruga&#269;en &#269;lovek si,<br \/>\nko se dotakne&scaron; me,<br \/>\nvem ne vznemirja te tako kot nekdaj.<\/p>\n<p>Sploh te ne poznam,<br \/>\nle senca sebe si,<br \/>\nlahko prikriva&scaron; mi,<br \/>\na vem to nisi ti,<br \/>\nsaj ko pogledam te,<br \/>\nvem da ti ne &#269;uti&scaron; me,<br \/>\nti ne ljubi&scaron; me.<\/p>\n<p><strong>Roko na srce,<\/strong><br \/>\n<strong> neko&#269; sva se ljubila,<\/strong><br \/>\n<strong> a &#382;ivljenje gre,<\/strong><br \/>\n<strong> le kdo ve kdaj in kje,<\/strong><br \/>\n<strong> sem te izgubila.<\/strong><\/p>\n<p>Roko na srce,<br \/>\nvsak zase zdaj &#382;iviva,<br \/>\ndrug mimo drugega,<br \/>\na nih&#269;e zdaj ne prizna &#8230;<\/p>\n<p>Tvoje telo zdaj zame,<br \/>\nni&#269; ve&#269; ne drhti.<br \/>\nzdaj le stran se pa&#269; obrne,<br \/>\ndela se kot, da me ni,<br \/>\nlazje kamen bi zdrobila,<br \/>\nkakor tebe zapustila,<br \/>\nv sebi vem, da zate se borila bom.<\/p>\n<p><strong>Roko na srce &#8230;<\/strong><\/p>\n<p><strong><em>AVTOR: M. Vla&scaron;i&#269;; BESEDILO: U. Vla&scaron;i&#269;<br \/>\nPRIREDBA: B. Grabnar, M. Vla&scaron;i&#269;<\/em><\/strong><\/p>\n<p>[\/vc_column_text][\/vc_accordion_tab][vc_accordion_tab title=&#8221;NE IZGUBLJAJ &#268;ASA VE&#268; Z MANO&#8221;][vc_column_text]<\/p>\n<p>Pozabi,da sem te v&#269;asih ljubila<br \/>\nin delila s tabo svoje sanje vse.<br \/>\nne &#269;akaj,da se bom k tebi vrnila,<br \/>\nnisem ve&#269; naivna,nisem isto dekle.<\/p>\n<p>Prihrani si mo&#269;i<br \/>\nin ne obljubljaj mi,<br \/>\nda ostal bo&scaron; moj do konca dni.<\/p>\n<p><strong>Ne izgubljaj &#269;asa ve&#269; z mano,<\/strong><br \/>\n<strong> nisem ta, ki se preda<\/strong><br \/>\n<strong> in zvestobe moje srce ve&#269; ne pozna.<\/strong><br \/>\n<strong> ne izgubljaj &#269;asa ve&#269; z mano,<\/strong><br \/>\n<strong> vedno vle&#269;e me drugam<\/strong><br \/>\n<strong> in ne maram se zasidrati v pristan.<\/strong><br \/>\n<strong> &#382;iveti sama znam!<\/strong><\/p>\n<p>Pozabi, da se bom kdaj spremenila,<br \/>\nkar bilo je, naj ostane le spomin.<\/p>\n<p>Prihrani si mo&#269;i<br \/>\nin ne obljubljaj mi,<br \/>\nda ostal bo&scaron; moj do konca dni.<\/p>\n<p><strong>Ne izgubljaj &#269;asa ve&#269; z mano&#8230;<\/strong><\/p>\n<p><strong><em>AVTOR: A. Klinar; BESEDILO: A. Rupel;<br \/>\nPRIREDBA: A. Klinar,A. &#268;ade&#382;<\/em><\/strong><\/p>\n<p>[\/vc_column_text][\/vc_accordion_tab][vc_accordion_tab title=&#8221;NE NI RES&#8221;][vc_column_text]<\/p>\n<p class=\"bbc_center\">Ne, ni res<br \/>\nZdaj vem da to ni res<br \/>\nDa vrag in angel sta v tebi kot iz nebes<br \/>\nTo srce zdaj kot pu&scaron;&#269;ava je<br \/>\nOsamljeno zdaj ljubi te in &#269;aka te<\/p>\n<p><strong>Ne, ni res<\/strong><br \/>\n<strong> Zdaj vem da to ni res<\/strong><br \/>\n<strong> Kot slikar nari&scaron;e&scaron; pot mi do nebes<\/strong><br \/>\n<strong> En sam pogled ve&#269; kot dovolj mi je<\/strong><br \/>\n<strong> Vem brez tebe &#382;ivljenje trga se<\/strong><br \/>\n<strong> Zdaj prazno je<\/strong><\/p>\n<p>Vsaka bela rosa jutranja<br \/>\nIma okus po tebi zbuja me, zbuja<br \/>\nZ nasmehom &#382;alost spere&scaron; mi iz o&#269;i<br \/>\nPoln neznosti se skrije&scaron; v moje dlani<\/p>\n<p>Ne, ni res<br \/>\nZdaj vem da to ni res<br \/>\nDa vrag in angel sta v tebi kot iz nebes<br \/>\nEn sam pogled ve&#269; kot dovolj mi je<br \/>\nVem brez tebe &#382;ivljenje trga se<br \/>\nZdaj prazno je<\/p>\n<p><strong>Ne, ni res<\/strong><br \/>\n<strong> Zdaj vem da to ni res<\/strong><br \/>\n<strong> Da vrag in angel sta v tebi kot iz nebes<\/strong><br \/>\n<strong> To srce zdaj kot pu&scaron;&#269;ava je<\/strong><br \/>\n<strong> Osamljeno zdaj ljubi te in &#269;aka te<\/strong><\/p>\n<p><strong>Ne, ni res<\/strong><\/p>\n<p><strong><em>M. Vla&scaron;i&#269;\/U. Vla&scaron;i&#269;\/B. Grabnar, M. Vla&scaron;i&#269;<\/em><\/strong><\/p>\n<p>[\/vc_column_text][\/vc_accordion_tab][vc_accordion_tab title=&#8221;CUANDO CALIENTA EL SOL&#8221;][vc_column_text]<\/p>\n<p>Amor<br \/>\nestoy sola aqui en la playa<br \/>\nes el sol que me acompana<br \/>\ny me quema y me quema y me quema<\/p>\n<p><strong>Cuando calienta el sol<\/strong><br \/>\n<strong> aqui en la playa<\/strong><br \/>\n<strong> siento tu cuerpo vibrar<\/strong><br \/>\n<strong> cerca de mi<\/strong><br \/>\n<strong> es tu palpitar<\/strong><br \/>\n<strong> es tu cara<\/strong><br \/>\n<strong> es tu pelo<\/strong><br \/>\n<strong> son tus besos<\/strong><br \/>\n<strong> me estremezco, oh, oh, oh.<\/strong><\/p>\n<p><strong>Cuando calienta el sol<\/strong><br \/>\n<strong> aqui en la playa<\/strong><br \/>\n<strong> siento tu cuerpo vibrar<\/strong><br \/>\n<strong> cerca de mi<\/strong><br \/>\n<strong> es tu palpitar<\/strong><br \/>\n<strong> tu recuerdo<\/strong><br \/>\n<strong> mi locura<\/strong><br \/>\n<strong> mi delirio<\/strong><br \/>\n<strong> me estremezco,oh,oh,oh<\/strong><br \/>\n<strong> cuando calienta el sol.<\/strong><\/p>\n<p><strong><em>Glasbeni gostje:mariachi LOS CABALLEROS<br \/>\nz dovoljenjem zalo&#382;be AQUARIUS RECORDS<\/em><\/strong><\/p>\n<p><span style=\"line-height: 1.5;\">[\/vc_column_text][\/vc_accordion_tab][\/vc_accordion][\/vc_column][\/vc_row][vc_row][vc_column][vc_column_text]<\/span>[\/vc_column_text][\/vc_column][\/vc_row]<\/p>\n","protected":false},"excerpt":{"rendered":"<p>[vc_row][vc_column width=&#8221;1\/2&#8243;][vc_single_image image=&#8221;5073&#8243; img_size=&#8221;large&#8221;][\/vc_column][vc_column width=&#8221;1\/2&#8243;][vc_column_text] NA &Scaron;TIRI O&#268;I KOT DA JE PRVI&#268; LEPO MI JE ZDAJ VERJAMEM POLJUB V SLOVO ROMEO IN JULIJA PESEK V O&#268;I EUROSONG MIX NISEM KOT TI ROKO NA SRCE NE IZGUBLJAJ &#268;ASA Z MANO NE NI RES CUANDO CALIENTA EL SOL &nbsp; [\/vc_column_text][\/vc_column][\/vc_row][vc_row][vc_column][vc_column_text] Available Lyrics [\/vc_column_text][\/vc_column][\/vc_row][vc_row][vc_column][vc_accordion active_tab=&#8221;false&#8221; collapsible=&#8221;yes&#8221;][vc_accordion_tab title=&#8221;NA &Scaron;TIRI<\/p>\n<div class=\"more-link\"><a href=\"https:\/\/www.nusaderenda.com\/en\/album-na-stiri-oci\/\" rel=\"nofollow\"><span>Read More<\/span><\/a><\/div>\n","protected":false},"author":1,"featured_media":0,"parent":0,"menu_order":0,"comment_status":"closed","ping_status":"closed","template":"","meta":{"_monsterinsights_skip_tracking":false,"_monsterinsights_sitenote_active":false,"_monsterinsights_sitenote_note":"","_monsterinsights_sitenote_category":0,"_genesis_hide_title":false,"_genesis_hide_breadcrumbs":false,"_genesis_hide_singular_image":false,"_genesis_hide_footer_widgets":false,"_genesis_custom_body_class":"","_genesis_custom_post_class":"","_genesis_layout":"full-width-content","_links_to":"","_links_to_target":""},"yoast_head":"<!-- This site is optimized with the Yoast SEO plugin v16.0.2 - https:\/\/yoast.com\/wordpress\/plugins\/seo\/ -->\n<title>ALBUM - Na \u0161tiri o\u010di (Face to face) - Nu\u0161a Derenda<\/title>\n<link rel=\"canonical\" href=\"https:\/\/www.nusaderenda.com\/en\/album-na-stiri-oci\/\" \/>\n<meta property=\"og:locale\" content=\"en_US\" \/>\n<meta property=\"og:type\" content=\"article\" \/>\n<meta property=\"og:title\" content=\"ALBUM - Na \u0161tiri o\u010di (Face to face) - Nu\u0161a Derenda\" \/>\n<meta property=\"og:description\" content=\"[vc_row][vc_column width=&#8221;1\/2&#8243;][vc_single_image image=&#8221;5073&#8243; img_size=&#8221;large&#8221;][\/vc_column][vc_column width=&#8221;1\/2&#8243;][vc_column_text] NA &Scaron;TIRI O&#268;I KOT DA JE PRVI&#268; LEPO MI JE ZDAJ VERJAMEM POLJUB V SLOVO ROMEO IN JULIJA PESEK V O&#268;I EUROSONG MIX NISEM KOT TI ROKO NA SRCE NE IZGUBLJAJ &#268;ASA Z MANO NE NI RES CUANDO CALIENTA EL SOL &nbsp; [\/vc_column_text][\/vc_column][\/vc_row][vc_row][vc_column][vc_column_text] Available Lyrics [\/vc_column_text][\/vc_column][\/vc_row][vc_row][vc_column][vc_accordion active_tab=&#8221;false&#8221; collapsible=&#8221;yes&#8221;][vc_accordion_tab title=&#8221;NA &Scaron;TIRIRead More\" \/>\n<meta property=\"og:url\" content=\"https:\/\/www.nusaderenda.com\/en\/album-na-stiri-oci\/\" \/>\n<meta property=\"og:site_name\" content=\"Nu\u0161a Derenda\" \/>\n<meta property=\"article:modified_time\" content=\"2016-02-08T21:39:04+00:00\" \/>\n<meta name=\"twitter:card\" content=\"summary\" \/>\n<meta name=\"twitter:label1\" content=\"Est. reading time\">\n\t<meta name=\"twitter:data1\" content=\"10 minutes\">\n<script type=\"application\/ld+json\" class=\"yoast-schema-graph\">{\"@context\":\"https:\/\/schema.org\",\"@graph\":[{\"@type\":\"WebSite\",\"@id\":\"https:\/\/www.nusaderenda.com\/en\/#website\",\"url\":\"https:\/\/www.nusaderenda.com\/en\/\",\"name\":\"Nu\\u0161a Derenda\",\"description\":\"An official website of Nu\\u0161a Derenda\",\"potentialAction\":[{\"@type\":\"SearchAction\",\"target\":\"https:\/\/www.nusaderenda.com\/en\/?s={search_term_string}\",\"query-input\":\"required name=search_term_string\"}],\"inLanguage\":\"en-US\"},{\"@type\":\"WebPage\",\"@id\":\"https:\/\/www.nusaderenda.com\/en\/album-na-stiri-oci\/#webpage\",\"url\":\"https:\/\/www.nusaderenda.com\/en\/album-na-stiri-oci\/\",\"name\":\"ALBUM - Na \\u0161tiri o\\u010di (Face to face) - Nu\\u0161a Derenda\",\"isPartOf\":{\"@id\":\"https:\/\/www.nusaderenda.com\/en\/#website\"},\"datePublished\":\"2016-02-07T14:17:03+00:00\",\"dateModified\":\"2016-02-08T21:39:04+00:00\",\"breadcrumb\":{\"@id\":\"https:\/\/www.nusaderenda.com\/en\/album-na-stiri-oci\/#breadcrumb\"},\"inLanguage\":\"en-US\",\"potentialAction\":[{\"@type\":\"ReadAction\",\"target\":[\"https:\/\/www.nusaderenda.com\/en\/album-na-stiri-oci\/\"]}]},{\"@type\":\"BreadcrumbList\",\"@id\":\"https:\/\/www.nusaderenda.com\/en\/album-na-stiri-oci\/#breadcrumb\",\"itemListElement\":[{\"@type\":\"ListItem\",\"position\":1,\"item\":{\"@type\":\"WebPage\",\"@id\":\"https:\/\/www.nusaderenda.com\/en\/\",\"url\":\"https:\/\/www.nusaderenda.com\/en\/\",\"name\":\"Home\"}},{\"@type\":\"ListItem\",\"position\":2,\"item\":{\"@type\":\"WebPage\",\"@id\":\"https:\/\/www.nusaderenda.com\/en\/album-na-stiri-oci\/\",\"url\":\"https:\/\/www.nusaderenda.com\/en\/album-na-stiri-oci\/\",\"name\":\"ALBUM &#8211; Na \\u0161tiri o\\u010di (Face to face)\"}}]}]}<\/script>\n<!-- \/ Yoast SEO plugin. -->","_links":{"self":[{"href":"https:\/\/www.nusaderenda.com\/en\/wp-json\/wp\/v2\/pages\/16955"}],"collection":[{"href":"https:\/\/www.nusaderenda.com\/en\/wp-json\/wp\/v2\/pages"}],"about":[{"href":"https:\/\/www.nusaderenda.com\/en\/wp-json\/wp\/v2\/types\/page"}],"author":[{"embeddable":true,"href":"https:\/\/www.nusaderenda.com\/en\/wp-json\/wp\/v2\/users\/1"}],"replies":[{"embeddable":true,"href":"https:\/\/www.nusaderenda.com\/en\/wp-json\/wp\/v2\/comments?post=16955"}],"version-history":[{"count":5,"href":"https:\/\/www.nusaderenda.com\/en\/wp-json\/wp\/v2\/pages\/16955\/revisions"}],"predecessor-version":[{"id":17326,"href":"https:\/\/www.nusaderenda.com\/en\/wp-json\/wp\/v2\/pages\/16955\/revisions\/17326"}],"wp:attachment":[{"href":"https:\/\/www.nusaderenda.com\/en\/wp-json\/wp\/v2\/media?parent=16955"}],"curies":[{"name":"wp","href":"https:\/\/api.w.org\/{rel}","templated":true}]}}