{"id":16942,"date":"2016-02-07T14:49:13","date_gmt":"2016-02-07T13:49:13","guid":{"rendered":"http:\/\/www.nusaderenda.com\/en\/?page_id=16942"},"modified":"2016-02-15T22:48:15","modified_gmt":"2016-02-15T21:48:15","slug":"anja-rupel-pika-bozic-nusa-derenda-alenka-godec-dobro-se-imej","status":"publish","type":"page","link":"https:\/\/www.nusaderenda.com\/en\/anja-rupel-pika-bozic-nusa-derenda-alenka-godec-dobro-se-imej\/","title":{"rendered":"Anja Rupel, Pika Bo\u017ei\u010d, Nu\u0161a Derenda, Alenka Godec &#8211; Dobro Se Imej"},"content":{"rendered":"\n<p>[vc_row][vc_column width=&rdquo;2\/3&Prime;][vc_single_image image=&rdquo;16945&Prime; img_size=&rdquo;large&rdquo;][\/vc_column][vc_column width=&rdquo;1\/3&Prime;][vc_empty_space][vc_column_text]<\/p><div class=\"fap-list-item fap-clearfix\"><div style=\"width: 100px;height: 100px;\" class=\"fap-cover-wrapper\"><img src=\"https:\/\/www.nusaderenda.com\/en\/wp-content\/uploads\/2016\/01\/CD-01-01.png\" width=\"100\" height=\"100\" alt=\"CD-01-01\" title=\"CD-01-01\"><\/div><div class=\"fap-track-content\" style=\"width: calc(100% - 100px - 20px);\"><div class=\"fap-item-title\">Dobro se imej &ndash; A. Rupel, N. Derenda, A. Godec in P. Bo&#382;i&#269;<\/div><div class=\"fap-item-meta\"><\/div><div class=\"fap-item-buttons\"><span data-href=\"http:\/\/i-svetovanje.com\/ndgenesis\/wp-content\/uploads\/2016\/02\/Anja-Rupel-Pika-Boz&#780;ic&#780;-Nus&#780;a-Derenda-Alenka-Godec-Dobro-Se-Imej.mp3\" data-title=\"Dobro se imej &amp;ndash; A. Rupel, N. Derenda, A. Godec in P. Bo&#382;i&#269;\" data-rel=\"https:\/\/www.nusaderenda.com\/en\/wp-content\/uploads\/2016\/01\/CD-01-01.png\" data-target=\"\" data-meta=\"#fap-meta-69d8bb650beba\" class=\"fap-play-button fap-single-track\" data-autoenqueue=\"no\">Play<\/span><\/div><\/div><\/div>[\/vc_column_text][\/vc_column][\/vc_row][vc_row][vc_column][vc_column_text]<strong>Re-connected musical colleagues<\/strong><br>\nPositive and optimistic song in modern dance rhythms, called &ldquo;Dobro se imej&rdquo; (Have a good time) got Nu&scaron;a back in studio together with three slovenian music divas &ndash; Alenka Godec, Anja Rupel and Pika Bo&#382;i&#269;.[\/vc_column_text][\/vc_column][\/vc_row]\n\n","protected":false},"excerpt":{"rendered":"<p>[vc_row][vc_column width=&#8221;2\/3&#8243;][vc_single_image image=&#8221;16945&#8243; img_size=&#8221;large&#8221;][\/vc_column][vc_column width=&#8221;1\/3&#8243;][vc_empty_space][vc_column_text][\/vc_column_text][\/vc_column][\/vc_row][vc_row][vc_column][vc_column_text]Re-connected musical colleagues Positive and optimistic song in modern dance rhythms, called &#8220;Dobro se imej&#8221; (Have a good time) got Nu&scaron;a back in studio together with three slovenian music divas &#8211; Alenka Godec, Anja Rupel and Pika Bo&#382;i&#269;.[\/vc_column_text][\/vc_column][\/vc_row]<\/p>\n","protected":false},"author":1,"featured_media":0,"parent":0,"menu_order":0,"comment_status":"closed","ping_status":"closed","template":"","meta":{"_monsterinsights_skip_tracking":false,"_monsterinsights_sitenote_active":false,"_monsterinsights_sitenote_note":"","_monsterinsights_sitenote_category":0,"_genesis_hide_title":false,"_genesis_hide_breadcrumbs":false,"_genesis_hide_singular_image":false,"_genesis_hide_footer_widgets":false,"_genesis_custom_body_class":"","_genesis_custom_post_class":"","_genesis_layout":"full-width-content","_links_to":"","_links_to_target":""},"yoast_head":"<!-- This site is optimized with the Yoast SEO plugin v16.0.2 - https:\/\/yoast.com\/wordpress\/plugins\/seo\/ -->\n<title>Anja Rupel, Pika Bo\u017ei\u010d, Nu\u0161a Derenda, Alenka Godec - Dobro Se Imej - Nu\u0161a Derenda<\/title>\n<link rel=\"canonical\" href=\"https:\/\/www.nusaderenda.com\/en\/anja-rupel-pika-bozic-nusa-derenda-alenka-godec-dobro-se-imej\/\" \/>\n<meta property=\"og:locale\" content=\"en_US\" \/>\n<meta property=\"og:type\" content=\"article\" \/>\n<meta property=\"og:title\" content=\"Anja Rupel, Pika Bo\u017ei\u010d, Nu\u0161a Derenda, Alenka Godec - Dobro Se Imej - Nu\u0161a Derenda\" \/>\n<meta property=\"og:description\" content=\"[vc_row][vc_column width=&#8221;2\/3&#8243;][vc_single_image image=&#8221;16945&#8243; img_size=&#8221;large&#8221;][\/vc_column][vc_column width=&#8221;1\/3&#8243;][vc_empty_space][vc_column_text][\/vc_column_text][\/vc_column][\/vc_row][vc_row][vc_column][vc_column_text]Re-connected musical colleagues Positive and optimistic song in modern dance rhythms, called &#8220;Dobro se imej&#8221; (Have a good time) got Nu&scaron;a back in studio together with three slovenian music divas &#8211; Alenka Godec, Anja Rupel and Pika Bo&#382;i&#269;.[\/vc_column_text][\/vc_column][\/vc_row]\" \/>\n<meta property=\"og:url\" content=\"https:\/\/www.nusaderenda.com\/en\/anja-rupel-pika-bozic-nusa-derenda-alenka-godec-dobro-se-imej\/\" \/>\n<meta property=\"og:site_name\" content=\"Nu\u0161a Derenda\" \/>\n<meta property=\"article:modified_time\" content=\"2016-02-15T21:48:15+00:00\" \/>\n<meta name=\"twitter:card\" content=\"summary\" \/>\n<script type=\"application\/ld+json\" class=\"yoast-schema-graph\">{\"@context\":\"https:\/\/schema.org\",\"@graph\":[{\"@type\":\"WebSite\",\"@id\":\"https:\/\/www.nusaderenda.com\/en\/#website\",\"url\":\"https:\/\/www.nusaderenda.com\/en\/\",\"name\":\"Nu\\u0161a Derenda\",\"description\":\"An official website of Nu\\u0161a Derenda\",\"potentialAction\":[{\"@type\":\"SearchAction\",\"target\":\"https:\/\/www.nusaderenda.com\/en\/?s={search_term_string}\",\"query-input\":\"required name=search_term_string\"}],\"inLanguage\":\"en-US\"},{\"@type\":\"WebPage\",\"@id\":\"https:\/\/www.nusaderenda.com\/en\/anja-rupel-pika-bozic-nusa-derenda-alenka-godec-dobro-se-imej\/#webpage\",\"url\":\"https:\/\/www.nusaderenda.com\/en\/anja-rupel-pika-bozic-nusa-derenda-alenka-godec-dobro-se-imej\/\",\"name\":\"Anja Rupel, Pika Bo\\u017ei\\u010d, Nu\\u0161a Derenda, Alenka Godec - Dobro Se Imej - Nu\\u0161a Derenda\",\"isPartOf\":{\"@id\":\"https:\/\/www.nusaderenda.com\/en\/#website\"},\"datePublished\":\"2016-02-07T13:49:13+00:00\",\"dateModified\":\"2016-02-15T21:48:15+00:00\",\"breadcrumb\":{\"@id\":\"https:\/\/www.nusaderenda.com\/en\/anja-rupel-pika-bozic-nusa-derenda-alenka-godec-dobro-se-imej\/#breadcrumb\"},\"inLanguage\":\"en-US\",\"potentialAction\":[{\"@type\":\"ReadAction\",\"target\":[\"https:\/\/www.nusaderenda.com\/en\/anja-rupel-pika-bozic-nusa-derenda-alenka-godec-dobro-se-imej\/\"]}]},{\"@type\":\"BreadcrumbList\",\"@id\":\"https:\/\/www.nusaderenda.com\/en\/anja-rupel-pika-bozic-nusa-derenda-alenka-godec-dobro-se-imej\/#breadcrumb\",\"itemListElement\":[{\"@type\":\"ListItem\",\"position\":1,\"item\":{\"@type\":\"WebPage\",\"@id\":\"https:\/\/www.nusaderenda.com\/en\/\",\"url\":\"https:\/\/www.nusaderenda.com\/en\/\",\"name\":\"Home\"}},{\"@type\":\"ListItem\",\"position\":2,\"item\":{\"@type\":\"WebPage\",\"@id\":\"https:\/\/www.nusaderenda.com\/en\/anja-rupel-pika-bozic-nusa-derenda-alenka-godec-dobro-se-imej\/\",\"url\":\"https:\/\/www.nusaderenda.com\/en\/anja-rupel-pika-bozic-nusa-derenda-alenka-godec-dobro-se-imej\/\",\"name\":\"Anja Rupel, Pika Bo\\u017ei\\u010d, Nu\\u0161a Derenda, Alenka Godec &#8211; Dobro Se Imej\"}}]}]}<\/script>\n<!-- \/ Yoast SEO plugin. -->","_links":{"self":[{"href":"https:\/\/www.nusaderenda.com\/en\/wp-json\/wp\/v2\/pages\/16942"}],"collection":[{"href":"https:\/\/www.nusaderenda.com\/en\/wp-json\/wp\/v2\/pages"}],"about":[{"href":"https:\/\/www.nusaderenda.com\/en\/wp-json\/wp\/v2\/types\/page"}],"author":[{"embeddable":true,"href":"https:\/\/www.nusaderenda.com\/en\/wp-json\/wp\/v2\/users\/1"}],"replies":[{"embeddable":true,"href":"https:\/\/www.nusaderenda.com\/en\/wp-json\/wp\/v2\/comments?post=16942"}],"version-history":[{"count":4,"href":"https:\/\/www.nusaderenda.com\/en\/wp-json\/wp\/v2\/pages\/16942\/revisions"}],"predecessor-version":[{"id":17341,"href":"https:\/\/www.nusaderenda.com\/en\/wp-json\/wp\/v2\/pages\/16942\/revisions\/17341"}],"wp:attachment":[{"href":"https:\/\/www.nusaderenda.com\/en\/wp-json\/wp\/v2\/media?parent=16942"}],"curies":[{"name":"wp","href":"https:\/\/api.w.org\/{rel}","templated":true}]}}